{"id":16262,"date":"2025-04-10T12:07:00","date_gmt":"2025-04-10T12:07:00","guid":{"rendered":"https:\/\/badgin.com\/?post_type=product&#038;p=16262"},"modified":"2025-04-13T09:15:04","modified_gmt":"2025-04-13T09:15:04","slug":"bracelets-tyvek","status":"publish","type":"product","link":"https:\/\/badgin.com\/fr\/produit\/bracelets-tyvek\/","title":{"rendered":"Bracelets Tyvek"},"content":{"rendered":"<p>Bracelets Tyvek solides et confortables, parfaits pour l\u2019identification lors d\u2019\u00e9v\u00e9nements : concerts, festivals, f\u00eates, acc\u00e8s VIP. R\u00e9sistants aux d\u00e9chirures. Disponibles en plusieurs couleurs.<\/p>","protected":false},"excerpt":{"rendered":"<p>strong and comfortable<\/p>","protected":false},"featured_media":16263,"comment_status":"open","ping_status":"closed","template":"","meta":[],"product_brand":[],"product_cat":[73],"product_tag":[],"class_list":{"0":"post-16262","1":"product","2":"type-product","3":"status-publish","4":"has-post-thumbnail","6":"product_cat-bracelets","8":"first","9":"instock","10":"shipping-taxable","11":"purchasable","12":"product-type-variable"},"_links":{"self":[{"href":"https:\/\/badgin.com\/fr\/wp-json\/wp\/v2\/product\/16262","targetHints":{"allow":["GET"]}}],"collection":[{"href":"https:\/\/badgin.com\/fr\/wp-json\/wp\/v2\/product"}],"about":[{"href":"https:\/\/badgin.com\/fr\/wp-json\/wp\/v2\/types\/product"}],"replies":[{"embeddable":true,"href":"https:\/\/badgin.com\/fr\/wp-json\/wp\/v2\/comments?post=16262"}],"version-history":[{"count":4,"href":"https:\/\/badgin.com\/fr\/wp-json\/wp\/v2\/product\/16262\/revisions"}],"predecessor-version":[{"id":16278,"href":"https:\/\/badgin.com\/fr\/wp-json\/wp\/v2\/product\/16262\/revisions\/16278"}],"wp:featuredmedia":[{"embeddable":true,"href":"https:\/\/badgin.com\/fr\/wp-json\/wp\/v2\/media\/16263"}],"wp:attachment":[{"href":"https:\/\/badgin.com\/fr\/wp-json\/wp\/v2\/media?parent=16262"}],"wp:term":[{"taxonomy":"product_brand","embeddable":true,"href":"https:\/\/badgin.com\/fr\/wp-json\/wp\/v2\/product_brand?post=16262"},{"taxonomy":"product_cat","embeddable":true,"href":"https:\/\/badgin.com\/fr\/wp-json\/wp\/v2\/product_cat?post=16262"},{"taxonomy":"product_tag","embeddable":true,"href":"https:\/\/badgin.com\/fr\/wp-json\/wp\/v2\/product_tag?post=16262"}],"curies":[{"name":"wp","href":"https:\/\/api.w.org\/{rel}","templated":true}]}}